{"id":25,"date":"2024-08-30T16:20:49","date_gmt":"2024-08-30T14:20:49","guid":{"rendered":"https:\/\/wp.hotel-amenity-muenchen.de\/?page_id=25"},"modified":"2025-01-16T18:43:13","modified_gmt":"2025-01-16T17:43:13","slug":"home","status":"publish","type":"page","link":"https:\/\/wp.hotel-amenity-muenchen.de\/en\/","title":{"rendered":"Home DE"},"content":{"rendered":"<div>\n<p>    <img decoding=\"async\" src=\"\/wp-content\/uploads\/2024\/08\/Hotel_Amenity_Head-1.jpg\" alt=\"\"><\/p>\n<h2>Well-come  .  Well-sleep  .  Well-breakfast<\/h2>\n<\/div>\n<h1>\n<h2 style=\"text-align: center;\">Hotel Amenity M\u00fcnchen &#8211; pers\u00f6nliche Gastlichkeit mit Herz<\/h2>\n<\/h1>\n<div>\n<h3>COOL-SEASON-SPECIAL 2024\/25<\/h3>\n<div>\n<h3 class=\"el-title\"><strong style=\"font-size: 16px;\">20% Fr\u00fchbucher-Vorteil ab 3 N\u00e4chten im SUPERIOR-Doppel- oder Einzel-Zimmer<\/strong><\/h3>\n<div class=\"el-content uk-panel uk-margin-top\">\n<p><strong>mit WELCOME-Tee, Kaffee oder Gl\u00fchwein<br \/>g\u00fcltig vom 01.11.2024 bis 31.03.2025<span>\u00a0<\/span><\/strong>(au\u00dferhalb von Messen) f\u00fcr Buchungen bis 3 Wochen vor Anreise.<strong><br \/><\/strong><\/p>\n<p>Bitte reservieren Sie telefonisch 089 7434700 oder per E-Mail<span>\u00a0<\/span><joomla-hidden-mail is-link=\"1\" is-email=\"1\" first=\"aW5mbw==\" last=\"aG90ZWwtYW1lbml0eS5kZQ==\" text=\"aW5mb0Bob3RlbC1hbWVuaXR5LmRl\" base=\"\"><a href=\"mailto:info@hotel-amenity.de\" base=\"\">info@hotel-amenity.de<\/a><\/joomla-hidden-mail><span>\u00a0<\/span>und nennen Sie den Rabatt-Code<span>\u00a0<\/span><strong>&#8220;Winter24\/25&#8221;<\/strong>.<\/p>\n<\/div>\n<\/div>\n<\/div>\n<h2><center>Hotel AMENITY<br \/>zentral &#038; ruhige Zimmer in M\u00fcnchen-Sendling<\/center><\/h2>\n<h1>&#8220;Well-come&#8221;<\/h1>\n<div>Herzlich Willkommen in unserem familien-gef\u00fchrten 3-Sterne-Hotel &#8211; zentral &#038; ruhig \u00fcbernachten in M\u00fcnchen-Sendling. Mit unseren 42 Business- &#038; Familienzimmern und unserem Fr\u00fchst\u00fccks-Bistro mit Biergarten m\u00f6chten wir auch Sie gerne bestens verw\u00f6hnen und f\u00fcr unseren hohen Stammg\u00e4ste-Kreis gewinnen, der uns vor allem aufgrund nachfolgender Vorz\u00fcge immer wieder gerne besucht.<br \/>\n<br \/><\/br><br \/>\n<b>G\u00e4stebewertungen \/ Hotel Amenity M\u00fcnchen:<\/b><\/div>\n<ul>\n<li>\n<div>pers\u00f6nliche Gastlichkeit mit Herz und individuellem Service<\/div>\n<\/li>\n<li>\n<div>beste Sauberkeit und Hygiene-Standards im gesamten Hotel<\/div>\n<\/li>\n<li>\n<div>gem\u00fctliche Zimmer mit komplett-neuen Dusch- &#038; Wannen-Badezimmern<\/div>\n<\/li>\n<li>\n<div>hochwertiges Fr\u00fchst\u00fcck zum g\u00fcnstigen Preis<\/div>\n<\/li>\n<li>\n<div>Nahe dem Zentrum M\u00fcnchens mit guten Parkm\u00f6glichkeiten <\/div>\n<\/li>\n<li>\n<div>sowie gute Erreichbarkeit aller M\u00fcnchen-Highlights mit U-Bahn, S-Bahn oder Bus &#8230;<\/div>\n<\/li>\n<li>\n<div>z.B. City-Center, Messe, Olympia-Park, Allianz-Arena, Oktoberfest, Tierpark Hellabrunn, Westpark, Isar-Auen, Englischer Garten uvm.<\/div>\n<\/li>\n<\/ul>\n<ul>\n<li>\n<p>        <img decoding=\"async\" src=\"\/wp-content\/uploads\/2024\/08\/Hotel_Amenity_Muenchen_Mosaik-5.jpg\" alt=\"\"><\/p>\n<h4>HOTEL<\/h4>\n<\/li>\n<li>\n<p>        <img decoding=\"async\" src=\"\/wp-content\/uploads\/2024\/08\/Hotel_Amenity_Muenchen_Mosaik-01.jpg\" alt=\"\"><\/p>\n<h4>TERRASSE<\/h4>\n<\/li>\n<li>\n<p>        <img decoding=\"async\" src=\"\/wp-content\/uploads\/2024\/08\/Hotel_Amenity_Muenchen_Mosaik-06.jpg\" alt=\"\"><\/p>\n<h4>FR\u00dcHST\u00dcCK<\/h4>\n<\/li>\n<li>\n<p>        <img decoding=\"async\" src=\"\/wp-content\/uploads\/2024\/08\/Hotel_Amenity_Muenchen_Mosaik-03.jpg\" alt=\"\"><\/p>\n<h4>TERRASSE<\/h4>\n<\/li>\n<li>\n<p>        <img decoding=\"async\" src=\"\/wp-content\/uploads\/2024\/08\/Hotel_Amenity_Muenchen_Mosaik-32.jpg\" alt=\"\"><\/p>\n<h4>ZIMMER<\/h4>\n<\/li>\n<li>\n<p>        <img decoding=\"async\" src=\"\/wp-content\/uploads\/2024\/08\/Hotel_Amenity_Muenchen_Mosaik-30.jpg\" alt=\"\"><\/p>\n<h4>ZIMMER<\/h4>\n<\/li>\n<\/ul>\n<div>Zimmer<\/div>\n<hr>\n<h1>&#8220;Well-sleep&#8221;<\/h1>\n<div>\n<p>Unsere komfortablen Business- &amp; Familienzimmer sind f\u00fcr beste Hygiene mit echtem Eichenholz-Parkett ausgelegt und verf\u00fcgen \u00fcber komplett-neue Dusch- oder Wannen-Badezimmer :<\/p>\n<\/div>\n<p><img decoding=\"async\" src=\"\/wp-content\/uploads\/2024\/08\/Hotel_Amenity_Muenchen_Mosaik-30.jpg\" alt=\"\"><\/p>\n<div><b>Einzel- &#038; Zweibettzimmer<\/b><\/div>\n<hr>\n<ul>\n<li>\n<div>18-22 qm gro\u00df \/ Dusch- oder Wannen-Bad m\u00f6glich<\/div>\n<\/li>\n<li>\n<div>allergiker-freundliche Komfort-Einzelbetten<\/div>\n<\/li>\n<li>\n<div>Highspeed-WLAN, Minibar-K\u00fchlschrank, F\u00f6hn, Kabel-TV<\/div>\n<\/li>\n<li>\n<div>Sofa-Aufbettung bis zu 3 G\u00e4sten m\u00f6glich<\/div>\n<\/li>\n<li>\n<div>auch als SUPERIOR-Zimmer zur Gartenseite verf\u00fcgbar<\/div>\n<\/li>\n<\/ul>\n<hr>\n<div>ab Euro 78,00<\/div>\n<p><img decoding=\"async\" src=\"\/wp-content\/uploads\/2024\/08\/Hotel_Amenity_Muenchen_Mosaik-30.jpg\" alt=\"\"><br \/>\n<img decoding=\"async\" src=\"\/wp-content\/uploads\/2024\/08\/Hotel_Amenity_Muenchen_Mosaik-30.jpg\" alt=\"\"><br \/>\n<img decoding=\"async\" src=\"\/wp-content\/uploads\/2024\/08\/Hotel_Amenity_Muenchen_Mosaik-30.jpg\" alt=\"\"><\/p>\n<p><!--more--><br \/>\n<!-- {\"type\":\"layout\",\"children\":[{\"name\":\"Wellcome\",\"type\":\"section\",\"props\":{\"image_position\":\"center-center\",\"padding\":\"none\",\"padding_remove_top\":false,\"style\":\"default\",\"title_breakpoint\":\"xl\",\"title_position\":\"top-left\",\"title_rotation\":\"left\",\"vertical_align\":\"\",\"width\":\"\"},\"children\":[{\"type\":\"row\",\"props\":{\"margin_remove_top\":false},\"children\":[{\"type\":\"column\",\"props\":{\"image_position\":\"center-center\",\"position_sticky_breakpoint\":\"m\",\"width_medium\":\"1-1\"},\"children\":[{\"type\":\"slideshow\",\"props\":{\"animation\":\"parallax\",\"container_padding_remove\":false,\"image_loading\":true,\"image_width\":\"2560\",\"link_style\":\"default\",\"link_text\":\"Read more\",\"margin\":\"default\",\"margin_remove_top\":false,\"meta_align\":\"above-title\",\"meta_color\":\"muted\",\"meta_element\":\"div\",\"meta_style\":\"h4\",\"nav\":\"thumbnav\",\"nav_align\":\"center\",\"nav_below\":false,\"nav_breakpoint\":\"\",\"nav_position\":\"bottom-center\",\"nav_position_margin\":\"medium\",\"nav_vertical\":false,\"overlay_animation\":\"parallax\",\"overlay_position\":\"center\",\"parallax_breakpoint\":\"m\",\"parallax_easing\":\"1\",\"parallax_y\":\"0,-50\",\"show_content\":true,\"show_link\":true,\"show_meta\":true,\"show_thumbnail\":true,\"show_title\":true,\"slidenav\":\"bottom-right\",\"slidenav_breakpoint\":\"m\",\"slidenav_hover\":false,\"slidenav_large\":true,\"slidenav_margin\":\"\",\"slidenav_outside_breakpoint\":\"xl\",\"slideshow_animation\":\"pull\",\"slideshow_autoplay_pause\":true,\"slideshow_height\":\"viewport\",\"slideshow_height_offset_top\":false,\"slideshow_height_viewport\":60,\"slideshow_min_height\":\"500\",\"slideshow_velocity\":\"1.5\",\"text_align\":\"center\",\"thumbnav_height\":\"100\",\"thumbnav_nowrap\":true,\"thumbnav_svg_color\":\"emphasis\",\"thumbnav_width\":\"150\",\"title_element\":\"h2\",\"title_margin\":\"remove\",\"title_style\":\"heading-xlarge\"},\"children\":[{\"type\":\"slideshow_item\",\"props\":{\"content\":\"\",\"image\":\"wp-content\\\/uploads\\\/2024\\\/08\\\/Hotel_Amenity_Head-1.jpg\",\"meta\":\"\",\"text_color\":\"light\",\"title\":\"Well-come  .  Well-sleep  .  Well-breakfast\"}}]},{\"type\":\"headline\",\"props\":{\"content\":\"\n\n<h2 style=\\\"text-align: center;\\\">Hotel Amenity M\\u00fcnchen - pers\\u00f6nliche Gastlichkeit mit Herz<\\\/h2>\",\"content_en_us\":\"\n\n<h2 style=\\\"text-align: center;\\\">Hotel Amenity Munich \\u2013 Genuine Hospitality from the Heart<\\\/h2>\",\"content_it_it\":\"\n\n<h2 style=\\\"text-align: center;\\\">Hotel Amenity Monaco \\u2013 Ospitalit\\u00e0 autentica con il cuore<\\\/h2>\",\"title_element\":\"h1\"}},{\"type\":\"alert\",\"props\":{\"alert_style\":\"warning\",\"block_align\":\"center\",\"content\":\"\n\n<h3 class=\\\"el-title\\\"><strong style=\\\"font-size: 16px;\\\">20% Fr\\u00fchbucher-Vorteil ab 3 N\\u00e4chten im SUPERIOR-Doppel- oder Einzel-Zimmer<\\\/strong><\\\/h3>\\n\n\n<div class=\\\"el-content uk-panel uk-margin-top\\\">\\n\n\n<p><strong>mit WELCOME-Tee, Kaffee oder Gl\\u00fchwein<br \\\/>g\\u00fcltig vom 01.11.2024 bis 31.03.2025<span>\\u00a0<\\\/span><\\\/strong>(au\\u00dferhalb von Messen) f\\u00fcr Buchungen bis 3 Wochen vor Anreise.<strong><br \\\/><\\\/strong><\\\/p>\\n\n\n<p>Bitte reservieren Sie telefonisch 089 7434700 oder per E-Mail<span>\\u00a0<\\\/span><joomla-hidden-mail is-link=\\\"1\\\" is-email=\\\"1\\\" first=\\\"aW5mbw==\\\" last=\\\"aG90ZWwtYW1lbml0eS5kZQ==\\\" text=\\\"aW5mb0Bob3RlbC1hbWVuaXR5LmRl\\\" base=\\\"\\\"><a href=\\\"mailto:info@hotel-amenity.de\\\" base=\\\"\\\">info@hotel-amenity.de<\\\/a><\\\/joomla-hidden-mail><span>\\u00a0<\\\/span>und nennen Sie den Rabatt-Code<span>\\u00a0<\\\/span><strong>\\\"Winter24\\\/25\\\"<\\\/strong>.<\\\/p>\\n<\\\/div>\",\"content_en_us\":\"\n\n<h3 class=\\\"el-title\\\"><strong style=\\\"font-size: 16px;\\\">20% early bird advantage from 3 nights in a SUPERIOR double or single room<\\\/strong><\\\/h3>\\n\n\n<div class=\\\"el-content uk-panel uk-margin-top\\\">\\n\n\n<p><strong>with WELCOME tea, coffee or mulled wine<br \\\/>valid from November 1st, 2024 to March 31st, 2025<span> <\\\/span><\\\/strong>(outside trade fairs) for bookings up to 3 weeks before arrival .<strong><br \\\/><\\\/strong><\\\/p>\\n\n\n<p>Please reserve by phone 089 7434700 or by email<span> <\\\/span><joomla-hidden-mail is-link=\\\"1\\\" is-email=\\\"1\\\" first=\\\"aW5mbw==\\\" last= \\\"aG90ZWwtYW1lbml0eS5kZQ==\\\" text=\\\"aW5mb0Bob3RlbC1hbWVuaXR5LmRl\\\" base=\\\"\\\"><a href=\\\"mailto:info@hotel-amenity.de\\\" base=\\\"\\\">info@hotel-amenity.de<\\\/a><\\\/joomla-hidden-mail><span> <\\\/span >and mention the discount code<span><\\\/span><strong>\\\"Winter24\\\/25\\\"<\\\/strong>.<\\\/p>\\n<\\\/div>\",\"content_it_it\":\"\n\n<h3 class=\\\"el-title\\\"><strong style=\\\"font-size: 16px;\\\">20% di vantaggio per chi prenota in anticipo da 3 notti in camera doppia o singola SUPERIOR<\\\/strong><\\\/h3>\\n\n\n<div class=\\\"el-content uk-panel uk-margin-top\\\">\\n\n\n<p><strong>con t\\u00e8, caff\\u00e8 o vin brul\\u00e8 di WELCOME<br \\\/>valida dal 1 novembre 2024 al 31 marzo 2025<span><\\\/span><\\\/strong>(fuori fiere) per prenotazioni fino a 3 settimane prima dell'arrivo.<strong><br \\\/><\\\/strong><\\\/p>\\n\n\n<p>Si prega di prenotare telefonicamente allo 089 7434700 o via email<span> <\\\/span><joomla-hidden-mail is-link=\\\"1\\\" is-email=\\\"1\\\" first=\\\"aW5mbw==\\\" last= \\\"aG90ZWwtYW1lbml0eS5kZQ ==\\\" testo=\\\"aW5mb0Bob3RlbC1hbWVuaXR5LmRl\\\" base=\\\"\\\"><a href=\\\"mailto:info@hotel-amenity.de\\\" base=\\\"\\\">info@hotel-amenity.de<\\\/a><\\\/joomla-hidden-mail><span> <\\\/span >e menziona il codice sconto<span><\\\/span><strong>\\\"Winter24\\\/25\\\"<\\\/strong>.<\\\/p>\\n<\\\/div>\",\"content_margin\":\"small\",\"margin\":\"medium\",\"margin_remove_bottom\":true,\"maxwidth\":\"2xlarge\",\"text_align\":\"center\",\"title\":\"COOL-SEASON-SPECIAL 2024\\\/25\",\"title_element\":\"h3\"},\"name\":\"Angebot DE\"}]}]}]},{\"name\":\"Hotel\",\"type\":\"section\",\"props\":{\"animation_delay\":false,\"id\":\"hotel\",\"image_position\":\"center-center\",\"padding\":\"large\",\"padding_remove_top\":false,\"style\":\"default\",\"title_breakpoint\":\"xl\",\"title_position\":\"top-left\",\"title_rotation\":\"left\",\"vertical_align\":\"\",\"width\":\"large\"},\"children\":[{\"type\":\"row\",\"props\":{\"margin\":\"large\"},\"children\":[{\"type\":\"column\",\"props\":{\"image_position\":\"center-center\",\"position_sticky_breakpoint\":\"m\",\"width_medium\":\"1-1\"},\"children\":[{\"type\":\"headline\",\"props\":{\"animation\":\"parallax\",\"content\":\"<center>Hotel AMENITY<br \/>zentral & ruhige Zimmer in M\\u00fcnchen-Sendling<\\\/center>\",\"parallax_breakpoint\":\"m\",\"parallax_easing\":\"1\",\"parallax_end\":\"90vh + 90%\",\"parallax_opacity\":\"0.3,1\",\"parallax_y\":\"15,0\",\"text_align\":\"center\",\"title_element\":\"h2\"}},{\"type\":\"headline\",\"props\":{\"content\":\"\\\"Well-come\\\"\",\"text_align\":\"center\",\"title_element\":\"h1\"}},{\"type\":\"text\",\"props\":{\"block_align\":\"center\",\"column_breakpoint\":\"m\",\"content\":\"Herzlich Willkommen in unserem familien-gef\\u00fchrten 3-Sterne-Hotel - zentral & ruhig \\u00fcbernachten in M\\u00fcnchen-Sendling. Mit unseren 42 Business- & Familienzimmern und unserem Fr\\u00fchst\\u00fccks-Bistro mit Biergarten m\\u00f6chten wir auch Sie gerne bestens verw\\u00f6hnen und f\\u00fcr unseren hohen Stammg\\u00e4ste-Kreis gewinnen, der uns vor allem aufgrund nachfolgender Vorz\\u00fcge immer wieder gerne besucht.\\n<br \/><\\\/br>\\n<b>G\\u00e4stebewertungen \\\/ Hotel Amenity M\\u00fcnchen:<\\\/b>\",\"margin\":\"default\",\"maxwidth\":\"2xlarge\",\"text_style\":\"lead\"}},{\"type\":\"list\",\"props\":{\"block_align\":\"center\",\"column_breakpoint\":\"m\",\"image_align\":\"left\",\"image_svg_color\":\"emphasis\",\"image_vertical_align\":true,\"list_element\":\"ul\",\"list_horizontal_separator\":\", \",\"list_type\":\"vertical\",\"maxwidth\":\"2xlarge\",\"show_image\":true,\"show_link\":true},\"children\":[{\"type\":\"list_item\",\"props\":{\"content\":\"pers\\u00f6nliche Gastlichkeit mit Herz und individuellem Service\",\"icon\":\"check\"}},{\"type\":\"list_item\",\"props\":{\"content\":\"beste Sauberkeit und Hygiene-Standards im gesamten Hotel\",\"icon\":\"check\"}},{\"type\":\"list_item\",\"props\":{\"content\":\"gem\\u00fctliche Zimmer mit komplett-neuen Dusch- & Wannen-Badezimmern\",\"icon\":\"check\"}},{\"type\":\"list_item\",\"props\":{\"content\":\"hochwertiges Fr\\u00fchst\\u00fcck zum g\\u00fcnstigen Preis\",\"icon\":\"check\"}},{\"type\":\"list_item\",\"props\":{\"content\":\"Nahe dem Zentrum M\\u00fcnchens mit guten Parkm\\u00f6glichkeiten \",\"icon\":\"check\"}},{\"type\":\"list_item\",\"props\":{\"content\":\"sowie gute Erreichbarkeit aller M\\u00fcnchen-Highlights mit U-Bahn, S-Bahn oder Bus ...\",\"icon\":\"check\"}},{\"type\":\"list_item\",\"props\":{\"content\":\"z.B. City-Center, Messe, Olympia-Park, Allianz-Arena, Oktoberfest, Tierpark Hellabrunn, Westpark, Isar-Auen, Englischer Garten uvm.\",\"icon\":\"check\"}}]}]}]}]},{\"name\":\"Galerie 1\",\"type\":\"section\",\"props\":{\"animation_delay\":false,\"image_position\":\"center-center\",\"padding_remove_bottom\":true,\"padding_remove_top\":false,\"style\":\"default\",\"title_breakpoint\":\"xl\",\"title_position\":\"top-left\",\"title_rotation\":\"left\",\"vertical_align\":\"\",\"width\":\"xlarge\"},\"children\":[{\"type\":\"row\",\"props\":{\"column_gap\":\"small\",\"row_gap\":\"small\"},\"children\":[{\"type\":\"column\",\"props\":{\"image_position\":\"center-center\",\"position_sticky_breakpoint\":\"m\",\"width_medium\":\"1-1\"},\"children\":[{\"type\":\"gallery\",\"props\":{\"animation\":\"none\",\"filter_align\":\"left\",\"filter_all\":true,\"filter_grid_breakpoint\":\"m\",\"filter_grid_width\":\"auto\",\"filter_position\":\"top\",\"filter_style\":\"tab\",\"grid_column_gap\":\"small\",\"grid_default\":\"1\",\"grid_medium\":\"3\",\"grid_row_gap\":\"small\",\"grid_small\":\"2\",\"image_transition\":\"scale-up\",\"image_width\":\"850\",\"item_animation\":true,\"link_style\":\"link-text\",\"link_text\":\"More Details\",\"margin\":\"\",\"meta_align\":\"below-title\",\"meta_element\":\"div\",\"meta_style\":\"\",\"overlay_hover\":true,\"overlay_link\":true,\"overlay_margin\":\"large\",\"overlay_maxwidth\":\"large\",\"overlay_mode\":\"caption\",\"overlay_padding\":\"large\",\"overlay_position\":\"center\",\"overlay_style\":\"overlay-default\",\"overlay_transition\":\"fade\",\"parallax_easing\":\"1\",\"show_content\":true,\"show_hover_image\":true,\"show_hover_video\":true,\"show_link\":true,\"show_meta\":true,\"show_title\":true,\"text_align\":\"center\",\"text_color\":\"\",\"title_element\":\"h4\",\"title_hover_style\":\"reset\",\"title_style\":\"h5\"},\"children\":[{\"type\":\"gallery_item\",\"props\":{\"content\":\"\",\"image\":\"wp-content\\\/uploads\\\/2024\\\/08\\\/Hotel_Amenity_Muenchen_Mosaik-5.jpg\",\"title\":\"HOTEL\"}},{\"type\":\"gallery_item\",\"props\":{\"content\":\"\",\"image\":\"wp-content\\\/uploads\\\/2024\\\/08\\\/Hotel_Amenity_Muenchen_Mosaik-01.jpg\",\"title\":\"TERRASSE\"}},{\"type\":\"gallery_item\",\"props\":{\"content\":\"\",\"image\":\"wp-content\\\/uploads\\\/2024\\\/08\\\/Hotel_Amenity_Muenchen_Mosaik-06.jpg\",\"title\":\"FR\\u00dcHST\\u00dcCK\"}},{\"type\":\"gallery_item\",\"props\":{\"image\":\"wp-content\\\/uploads\\\/2024\\\/08\\\/Hotel_Amenity_Muenchen_Mosaik-03.jpg\",\"meta\":\"\",\"title\":\"TERRASSE\"}},{\"type\":\"gallery_item\",\"props\":{\"image\":\"wp-content\\\/uploads\\\/2024\\\/08\\\/Hotel_Amenity_Muenchen_Mosaik-32.jpg\",\"title\":\"ZIMMER\"}},{\"type\":\"gallery_item\",\"props\":{\"image\":\"wp-content\\\/uploads\\\/2024\\\/08\\\/Hotel_Amenity_Muenchen_Mosaik-30.jpg\",\"title\":\"ZIMMER\"}}]}]}]}]},{\"type\":\"section\",\"props\":{\"id\":\"zimmer\",\"image_position\":\"center-center\",\"style\":\"default\",\"title_breakpoint\":\"xl\",\"title_position\":\"top-left\",\"title_rotation\":\"left\",\"vertical_align\":\"middle\",\"width\":\"small\"},\"children\":[{\"type\":\"row\",\"children\":[{\"type\":\"column\",\"props\":{\"image_position\":\"center-center\",\"position_sticky_breakpoint\":\"m\"},\"children\":[{\"type\":\"headline\",\"props\":{\"content\":\"Zimmer\",\"title_element\":\"div\"}},{\"type\":\"divider\",\"props\":{\"divider_element\":\"hr\"}},{\"type\":\"headline\",\"props\":{\"content\":\"\\\"Well-sleep\\\"\",\"text_align\":\"center\",\"title_element\":\"h1\"}},{\"type\":\"text\",\"props\":{\"block_align\":\"center\",\"column_breakpoint\":\"m\",\"content\":\"\n\n<p>Unsere komfortablen Business- &amp; Familienzimmer sind f\\u00fcr beste Hygiene mit echtem Eichenholz-Parkett ausgelegt und verf\\u00fcgen \\u00fcber komplett-neue Dusch- oder Wannen-Badezimmer :<\\\/p>\",\"margin\":\"remove-vertical\",\"text_style\":\"lead\"}}]}]},{\"type\":\"row\",\"props\":{\"column_gap\":\"small\",\"layout\":\"2-3,1-3\",\"margin\":\"large\",\"margin_remove_bottom\":true},\"children\":[{\"type\":\"column\",\"props\":{\"image_position\":\"center-center\",\"position_sticky_breakpoint\":\"m\",\"width_medium\":\"2-3\"},\"children\":[{\"type\":\"image\",\"props\":{\"image\":\"wp-content\\\/uploads\\\/2024\\\/08\\\/Hotel_Amenity_Muenchen_Mosaik-30.jpg\",\"image_svg_color\":\"emphasis\",\"margin\":\"default\"}}]},{\"type\":\"column\",\"props\":{\"image_position\":\"center-center\",\"padding\":\"small\",\"position_sticky_breakpoint\":\"m\",\"style\":\"tile-muted\",\"width_medium\":\"1-3\"},\"children\":[{\"type\":\"text\",\"props\":{\"column_breakpoint\":\"m\",\"content\":\"<b>Einzel- & Zweibettzimmer<\\\/b>\",\"margin\":\"default\",\"text_style\":\"large\"}},{\"type\":\"divider\",\"props\":{\"divider_element\":\"hr\"}},{\"type\":\"list\",\"props\":{\"column_breakpoint\":\"m\",\"image_align\":\"left\",\"image_svg_color\":\"emphasis\",\"image_vertical_align\":true,\"list_element\":\"ul\",\"list_horizontal_separator\":\", \",\"list_marker\":\"hyphen\",\"list_type\":\"vertical\",\"show_image\":true,\"show_link\":true},\"children\":[{\"type\":\"list_item\",\"props\":{\"content\":\"18-22 qm gro\\u00df \\\/ Dusch- oder Wannen-Bad m\\u00f6glich\",\"icon\":\"\"}},{\"type\":\"list_item\",\"props\":{\"content\":\"allergiker-freundliche Komfort-Einzelbetten\",\"icon\":\"\"}},{\"type\":\"list_item\",\"props\":{\"content\":\"Highspeed-WLAN, Minibar-K\\u00fchlschrank, F\\u00f6hn, Kabel-TV\",\"icon\":\"\"}},{\"type\":\"list_item\",\"props\":{\"content\":\"Sofa-Aufbettung bis zu 3 G\\u00e4sten m\\u00f6glich\",\"icon\":\"\"}},{\"type\":\"list_item\",\"props\":{\"content\":\"auch als SUPERIOR-Zimmer zur Gartenseite verf\\u00fcgbar\",\"icon\":\"\"}}]},{\"type\":\"divider\",\"props\":{\"divider_element\":\"hr\"}},{\"type\":\"text\",\"props\":{\"column_breakpoint\":\"m\",\"content\":\"ab Euro 78,00\",\"margin\":\"default\",\"text_style\":\"large\"}}]}]},{\"type\":\"row\",\"props\":{\"layout\":\"1-3,1-3,1-3\"},\"children\":[{\"type\":\"column\",\"props\":{\"image_position\":\"center-center\",\"position_sticky_breakpoint\":\"m\",\"width_medium\":\"1-3\"},\"children\":[{\"type\":\"image\",\"props\":{\"image\":\"wp-content\\\/uploads\\\/2024\\\/08\\\/Hotel_Amenity_Muenchen_Mosaik-30.jpg\",\"image_svg_color\":\"emphasis\",\"margin\":\"default\"}}]},{\"type\":\"column\",\"props\":{\"image_position\":\"center-center\",\"position_sticky_breakpoint\":\"m\",\"width_medium\":\"1-3\"},\"children\":[{\"type\":\"image\",\"props\":{\"image\":\"wp-content\\\/uploads\\\/2024\\\/08\\\/Hotel_Amenity_Muenchen_Mosaik-30.jpg\",\"image_svg_color\":\"emphasis\",\"margin\":\"default\"}}]},{\"type\":\"column\",\"props\":{\"image_position\":\"center-center\",\"position_sticky_breakpoint\":\"m\",\"width_medium\":\"1-3\"},\"children\":[{\"type\":\"image\",\"props\":{\"image\":\"wp-content\\\/uploads\\\/2024\\\/08\\\/Hotel_Amenity_Muenchen_Mosaik-30.jpg\",\"image_svg_color\":\"emphasis\",\"margin\":\"default\"}}]}]}],\"name\":\"Zimmer\"}],\"version\":\"4.4.20\"} --><\/p>\n","protected":false},"excerpt":{"rendered":"<p>Well-come . Well-sleep . Well-breakfast Hotel Amenity M\u00fcnchen &#8211; pers\u00f6nliche Gastlichkeit mit Herz COOL-SEASON-SPECIAL 2024\/25 20% Fr\u00fchbucher-Vorteil ab 3 N\u00e4chten im SUPERIOR-Doppel- oder Einzel-Zimmer mit WELCOME-Tee, Kaffee oder Gl\u00fchweing\u00fcltig vom 01.11.2024 bis 31.03.2025\u00a0(au\u00dferhalb von Messen) f\u00fcr Buchungen bis 3 Wochen vor Anreise. Bitte reservieren Sie telefonisch 089 7434700 oder per E-Mail\u00a0info@hotel-amenity.de\u00a0und nennen Sie den Rabatt-Code\u00a0&#8220;Winter24\/25&#8221;. [&hellip;]<\/p>\n","protected":false},"author":1,"featured_media":0,"parent":0,"menu_order":0,"comment_status":"closed","ping_status":"closed","template":"","meta":{"footnotes":""},"class_list":["post-25","page","type-page","status-publish","hentry"],"_links":{"self":[{"href":"https:\/\/wp.hotel-amenity-muenchen.de\/en\/wp-json\/wp\/v2\/pages\/25","targetHints":{"allow":["GET"]}}],"collection":[{"href":"https:\/\/wp.hotel-amenity-muenchen.de\/en\/wp-json\/wp\/v2\/pages"}],"about":[{"href":"https:\/\/wp.hotel-amenity-muenchen.de\/en\/wp-json\/wp\/v2\/types\/page"}],"author":[{"embeddable":true,"href":"https:\/\/wp.hotel-amenity-muenchen.de\/en\/wp-json\/wp\/v2\/users\/1"}],"replies":[{"embeddable":true,"href":"https:\/\/wp.hotel-amenity-muenchen.de\/en\/wp-json\/wp\/v2\/comments?post=25"}],"version-history":[{"count":10,"href":"https:\/\/wp.hotel-amenity-muenchen.de\/en\/wp-json\/wp\/v2\/pages\/25\/revisions"}],"predecessor-version":[{"id":170,"href":"https:\/\/wp.hotel-amenity-muenchen.de\/en\/wp-json\/wp\/v2\/pages\/25\/revisions\/170"}],"wp:attachment":[{"href":"https:\/\/wp.hotel-amenity-muenchen.de\/en\/wp-json\/wp\/v2\/media?parent=25"}],"curies":[{"name":"wp","href":"https:\/\/api.w.org\/{rel}","templated":true}]}}